{"id":695,"date":"2025-10-31T19:52:43","date_gmt":"2025-10-31T23:52:43","guid":{"rendered":"https:\/\/drcustals.com\/?page_id=695"},"modified":"2025-11-01T20:59:30","modified_gmt":"2025-11-02T00:59:30","slug":"elementor-695","status":"publish","type":"page","link":"https:\/\/drcustals.com\/es\/elementor-695\/","title":{"rendered":"Sobre Mi"},"content":{"rendered":"<div data-elementor-type=\"wp-page\" data-elementor-id=\"695\" class=\"elementor elementor-695\">\n\t\t\t\t<div class=\"elementor-element elementor-element-efea264 e-flex e-con-boxed rael-particle-no wpr-particle-no wpr-jarallax-no wpr-parallax-no wpr-sticky-section-no e-con e-parent\" data-id=\"efea264\" data-element_type=\"container\" data-e-type=\"container\">\n\t\t\t\t\t<div class=\"e-con-inner\">\n\t\t<div class=\"elementor-element elementor-element-59e9722 e-con-full e-flex rael-particle-no wpr-particle-no wpr-jarallax-no wpr-parallax-no wpr-sticky-section-no e-con e-child\" data-id=\"59e9722\" data-element_type=\"container\" data-e-type=\"container\">\n\t\t\t\t<div class=\"elementor-element elementor-element-e9867ce elementor-widget elementor-widget-text-editor\" data-id=\"e9867ce\" data-element_type=\"widget\" data-e-type=\"widget\" data-widget_type=\"text-editor.default\">\n\t\t\t\t\t\t\t\t\t<div data-id=\"984a146\" data-element_type=\"widget\" data-widget_type=\"heading.default\"><h3><strong>Dr. Ren\u00e9 Custals MD,MSc<\/strong><\/h3><h4><span style=\"color: #003d8f; font-style: inherit;\">Medicina Deportiva y del Dolor<\/span><\/h4><p><em>\u201cMedicina de precisi\u00f3n, ciencia y rendimiento humano. Un enfoque cl\u00ednico dise\u00f1ado para quienes buscan m\u00e1s que aliviar s\u00edntomas: buscan excelencia.\u201d<\/em><\/p><h5><span style=\"color: #003d8f;\"><strong>Un poco sobre mi<\/strong><\/span><\/h5><p>Soy el\u00a0Dr. Ren\u00e9 Custals, m\u00e9dico dedicado al rendimiento humano, la medicina deportiva y el manejo integral del dolor. Desde Punta Cana, combino ciencia, tecnolog\u00eda y experiencia cl\u00ednica para ayudar a cada persona a recuperar su energ\u00eda, movilidad y calidad de vida, sin importar si es atleta, ejecutivo o simplemente busca sentirse mejor cada d\u00eda.<\/p><\/div>\t\t\t\t\t\t\t\t<\/div>\n\t\t\t\t<\/div>\n\t\t<div class=\"elementor-element elementor-element-f23dc8d e-con-full e-flex rael-particle-no wpr-particle-no wpr-jarallax-no wpr-parallax-no wpr-sticky-section-no e-con e-child\" data-id=\"f23dc8d\" data-element_type=\"container\" data-e-type=\"container\">\n\t\t\t\t<div class=\"elementor-element elementor-element-859d334 elementor-widget elementor-widget-image\" data-id=\"859d334\" data-element_type=\"widget\" data-e-type=\"widget\" data-widget_type=\"image.default\">\n\t\t\t\t\t\t\t\t\t\t\t\t\t\t\t<img decoding=\"async\" src=\"https:\/\/drcustals.com\/wp-content\/uploads\/elementor\/thumbs\/IMG_6312-rdndona7a7r90bgd998dg4xnujogshiqmbk3qysfpk.jpeg\" title=\"IMG_6312\" alt=\"IMG_6312\" loading=\"lazy\" \/>\t\t\t\t\t\t\t\t\t\t\t\t\t\t\t<\/div>\n\t\t\t\t<\/div>\n\t\t\t\t\t<\/div>\n\t\t\t\t<\/div>\n\t\t<div class=\"elementor-element elementor-element-dded825 e-flex e-con-boxed rael-particle-no wpr-particle-no wpr-jarallax-no wpr-parallax-no wpr-sticky-section-no e-con e-parent\" data-id=\"dded825\" data-element_type=\"container\" data-e-type=\"container\">\n\t\t\t\t\t<div class=\"e-con-inner\">\n\t\t<div class=\"elementor-element elementor-element-f4c383b e-con-full e-flex rael-particle-no wpr-particle-no wpr-jarallax-no wpr-parallax-no wpr-sticky-section-no e-con e-child\" data-id=\"f4c383b\" data-element_type=\"container\" data-e-type=\"container\">\n\t\t\t\t<div class=\"elementor-element elementor-element-a011324 elementor-widget elementor-widget-image\" data-id=\"a011324\" data-element_type=\"widget\" data-e-type=\"widget\" data-widget_type=\"image.default\">\n\t\t\t\t\t\t\t\t\t\t\t\t\t\t\t<img fetchpriority=\"high\" decoding=\"async\" width=\"669\" height=\"1172\" src=\"https:\/\/drcustals.com\/wp-content\/uploads\/2025\/10\/DE4211AF-A08B-45BA-8466-272D60841A5D_1_105_c.jpeg\" class=\"attachment-medium_large size-medium_large wp-image-701\" alt=\"\" srcset=\"https:\/\/drcustals.com\/wp-content\/uploads\/2025\/10\/DE4211AF-A08B-45BA-8466-272D60841A5D_1_105_c.jpeg 669w, https:\/\/drcustals.com\/wp-content\/uploads\/2025\/10\/DE4211AF-A08B-45BA-8466-272D60841A5D_1_105_c-171x300.jpeg 171w, https:\/\/drcustals.com\/wp-content\/uploads\/2025\/10\/DE4211AF-A08B-45BA-8466-272D60841A5D_1_105_c-585x1024.jpeg 585w, https:\/\/drcustals.com\/wp-content\/uploads\/2025\/10\/DE4211AF-A08B-45BA-8466-272D60841A5D_1_105_c-7x12.jpeg 7w, https:\/\/drcustals.com\/wp-content\/uploads\/2025\/10\/DE4211AF-A08B-45BA-8466-272D60841A5D_1_105_c-600x1051.jpeg 600w\" sizes=\"(max-width: 669px) 100vw, 669px\" \/>\t\t\t\t\t\t\t\t\t\t\t\t\t\t\t<\/div>\n\t\t\t\t<\/div>\n\t\t<div class=\"elementor-element elementor-element-164af36 e-con-full e-flex rael-particle-no wpr-particle-no wpr-jarallax-no wpr-parallax-no wpr-sticky-section-no e-con e-child\" data-id=\"164af36\" data-element_type=\"container\" data-e-type=\"container\">\n\t\t\t\t<div class=\"elementor-element elementor-element-1354984 elementor-widget elementor-widget-text-editor\" data-id=\"1354984\" data-element_type=\"widget\" data-e-type=\"widget\" data-widget_type=\"text-editor.default\">\n\t\t\t\t\t\t\t\t\t<p><span style=\"font-size: 16px;\">Como <\/span><span data-start=\"725\" data-end=\"759\" style=\"font-size: 16px;\">m\u00e9dico deportivo en Punta Cana<\/span><span style=\"font-size: 16px;\">, ayudo a pacientes activos y deportistas a recuperar su rendimiento con estrategias basadas en evidencia y tecnolog\u00eda de diagn\u00f3stico avanzada.&nbsp;<\/span>Mi pr\u00e1ctica se basa en una medicina de precisi\u00f3n, centrada en la prevenci\u00f3n y el rendimiento. Integro herramientas diagn\u00f3sticas avanzadas como&nbsp;ecograf\u00eda musculoesquel\u00e9tica&nbsp;an\u00e1lisis de composici\u00f3n corporal,&nbsp;paneles hormonales y metab\u00f3licos y estudios funcionales, para comprender en detalle lo que ocurre en tu cuerpo y dise\u00f1ar un plan de acci\u00f3n personalizado.<\/p>\n<h5><span style=\"color: #003d8f;\"><strong>Atenci\u00f3n local e internacional<\/strong><\/span><\/h5>\n<p>Atiendo tanto a residentes y visitantes de la Rep\u00fablica Dominicana como a pacientes internacionales que buscan un enfoque m\u00e9dico moderno, personalizado y accesible. A trav\u00e9s de consultas presenciales y online, ofrezco evaluaciones completas, seguimiento terap\u00e9utico y optimizaci\u00f3n hormonal con el mismo rigor cl\u00ednico que caracteriza mi trabajo.<\/p>\n<h5><span style=\"color: #003d8f;\"><strong>Filosof\u00eda m\u00e9dica<\/strong><\/span><\/h5>\n<p>Creo firmemente que la medicina debe ayudarte a vivir mejor, no solo a aliviar s\u00edntomas. Cada paciente recibe una atenci\u00f3n individualizada que combina:<\/p>\n<ul>\n<li>Medicina deportiva y control del dolor.<\/li>\n<li>Terapias regenerativas y hormonales.<\/li>\n<li>Estrategias nutricionales y de rendimiento cognitivo.<\/li>\n<li>Protocolos de longevidad basados en evidencia cient\u00edfica.<\/li>\n<\/ul>\n<h5><span style=\"color: #003d8f;\"><strong>Enfoque y resultados<\/strong><\/span><\/h5>\n<p>Mi objetivo es ayudarte a recuperar tu funci\u00f3n f\u00edsica, tu energ\u00eda y tu bienestar integral. Ya sea que busques superar una lesi\u00f3n, mejorar tu rendimiento, controlar el estr\u00e9s metab\u00f3lico o simplemente sentirte en control de tu salud, encontrar\u00e1s una atenci\u00f3n cient\u00edfica, emp\u00e1tica y enfocada en resultados reales.<\/p>\t\t\t\t\t\t\t\t<\/div>\n\t\t\t\t<\/div>\n\t\t\t\t\t<\/div>\n\t\t\t\t<\/div>\n\t\t\t\t<\/div>","protected":false},"excerpt":{"rendered":"<p>Dr. Ren\u00e9 Custals MD,MSc Medicina Deportiva y del Dolor \u201cMedicina de precisi\u00f3n, ciencia y rendimiento humano. Un enfoque cl\u00ednico dise\u00f1ado para quienes buscan m\u00e1s que aliviar s\u00edntomas: buscan excelencia.\u201d Un poco sobre mi Soy el\u00a0Dr. Ren\u00e9 Custals, m\u00e9dico dedicado al rendimiento humano, la medicina deportiva y el manejo integral del dolor. Desde Punta Cana, combino ciencia, tecnolog\u00eda y experiencia cl\u00ednica para ayudar a cada persona a recuperar su energ\u00eda, movilidad y calidad de vida, sin importar si es atleta, ejecutivo o simplemente busca sentirse mejor cada d\u00eda. Como m\u00e9dico deportivo en Punta Cana, ayudo a pacientes activos y deportistas a recuperar su rendimiento con estrategias basadas en evidencia y tecnolog\u00eda de diagn\u00f3stico avanzada.&nbsp;Mi pr\u00e1ctica se basa en una medicina de precisi\u00f3n, centrada en la prevenci\u00f3n y el rendimiento. Integro herramientas diagn\u00f3sticas avanzadas como&nbsp;ecograf\u00eda musculoesquel\u00e9tica&nbsp;an\u00e1lisis de composici\u00f3n corporal,&nbsp;paneles hormonales y metab\u00f3licos y estudios funcionales, para comprender en detalle lo que ocurre en tu cuerpo y dise\u00f1ar un plan de acci\u00f3n personalizado. Atenci\u00f3n local e internacional Atiendo tanto a residentes y visitantes de la Rep\u00fablica Dominicana como a pacientes internacionales que buscan un enfoque m\u00e9dico moderno, personalizado y accesible. A trav\u00e9s de consultas presenciales y online, ofrezco evaluaciones completas, seguimiento terap\u00e9utico y optimizaci\u00f3n hormonal con el mismo rigor cl\u00ednico que caracteriza mi trabajo. Filosof\u00eda m\u00e9dica Creo firmemente que la medicina debe ayudarte a vivir mejor, no solo a aliviar s\u00edntomas. Cada paciente recibe una atenci\u00f3n individualizada que combina: Medicina deportiva y control del dolor. Terapias regenerativas y hormonales. Estrategias nutricionales y de rendimiento cognitivo. Protocolos de longevidad basados en evidencia cient\u00edfica. Enfoque y resultados Mi objetivo es ayudarte a recuperar tu funci\u00f3n f\u00edsica, tu energ\u00eda y tu bienestar integral. Ya sea que busques superar una lesi\u00f3n, mejorar tu rendimiento, controlar el estr\u00e9s metab\u00f3lico o simplemente sentirte en control de tu salud, encontrar\u00e1s una atenci\u00f3n cient\u00edfica, emp\u00e1tica y enfocada en resultados reales.<\/p>","protected":false},"author":1,"featured_media":0,"parent":0,"menu_order":0,"comment_status":"closed","ping_status":"closed","template":"","meta":{"site-sidebar-layout":"no-sidebar","site-content-layout":"","ast-site-content-layout":"full-width-container","site-content-style":"default","site-sidebar-style":"default","ast-global-header-display":"","ast-banner-title-visibility":"","ast-main-header-display":"","ast-hfb-above-header-display":"","ast-hfb-below-header-display":"","ast-hfb-mobile-header-display":"","site-post-title":"disabled","ast-breadcrumbs-content":"","ast-featured-img":"disabled","footer-sml-layout":"","theme-transparent-header-meta":"","adv-header-id-meta":"","stick-header-meta":"","header-above-stick-meta":"","header-main-stick-meta":"","header-below-stick-meta":"","astra-migrate-meta-layouts":"default","ast-page-background-enabled":"default","ast-page-background-meta":{"desktop":{"background-color":"var(--ast-global-color-5)","background-image":"","background-repeat":"repeat","background-position":"center center","background-size":"auto","background-attachment":"scroll","background-type":"","background-media":"","overlay-type":"","overlay-color":"","overlay-opacity":"","overlay-gradient":""},"tablet":{"background-color":"","background-image":"","background-repeat":"repeat","background-position":"center center","background-size":"auto","background-attachment":"scroll","background-type":"","background-media":"","overlay-type":"","overlay-color":"","overlay-opacity":"","overlay-gradient":""},"mobile":{"background-color":"","background-image":"","background-repeat":"repeat","background-position":"center center","background-size":"auto","background-attachment":"scroll","background-type":"","background-media":"","overlay-type":"","overlay-color":"","overlay-opacity":"","overlay-gradient":""}},"ast-content-background-meta":{"desktop":{"background-color":"var(--ast-global-color-4)","background-image":"","background-repeat":"repeat","background-position":"center center","background-size":"auto","background-attachment":"scroll","background-type":"","background-media":"","overlay-type":"","overlay-color":"","overlay-opacity":"","overlay-gradient":""},"tablet":{"background-color":"var(--ast-global-color-4)","background-image":"","background-repeat":"repeat","background-position":"center center","background-size":"auto","background-attachment":"scroll","background-type":"","background-media":"","overlay-type":"","overlay-color":"","overlay-opacity":"","overlay-gradient":""},"mobile":{"background-color":"var(--ast-global-color-4)","background-image":"","background-repeat":"repeat","background-position":"center center","background-size":"auto","background-attachment":"scroll","background-type":"","background-media":"","overlay-type":"","overlay-color":"","overlay-opacity":"","overlay-gradient":""}},"_themeisle_gutenberg_block_has_review":false,"footnotes":""},"class_list":["post-695","page","type-page","status-publish","hentry"],"_hostinger_reach_plugin_has_subscription_block":false,"_hostinger_reach_plugin_is_elementor":false,"_links":{"self":[{"href":"https:\/\/drcustals.com\/es\/wp-json\/wp\/v2\/pages\/695","targetHints":{"allow":["GET"]}}],"collection":[{"href":"https:\/\/drcustals.com\/es\/wp-json\/wp\/v2\/pages"}],"about":[{"href":"https:\/\/drcustals.com\/es\/wp-json\/wp\/v2\/types\/page"}],"author":[{"embeddable":true,"href":"https:\/\/drcustals.com\/es\/wp-json\/wp\/v2\/users\/1"}],"replies":[{"embeddable":true,"href":"https:\/\/drcustals.com\/es\/wp-json\/wp\/v2\/comments?post=695"}],"version-history":[{"count":38,"href":"https:\/\/drcustals.com\/es\/wp-json\/wp\/v2\/pages\/695\/revisions"}],"predecessor-version":[{"id":784,"href":"https:\/\/drcustals.com\/es\/wp-json\/wp\/v2\/pages\/695\/revisions\/784"}],"wp:attachment":[{"href":"https:\/\/drcustals.com\/es\/wp-json\/wp\/v2\/media?parent=695"}],"curies":[{"name":"wp","href":"https:\/\/api.w.org\/{rel}","templated":true}]}}